{"id":1833,"date":"2023-12-11T12:27:36","date_gmt":"2023-12-11T11:27:36","guid":{"rendered":"https:\/\/web.napartina.es\/?page_id=1833"},"modified":"2023-12-11T12:27:36","modified_gmt":"2023-12-11T11:27:36","slug":"personalizar-cookies","status":"publish","type":"page","link":"https:\/\/web.napartina.es\/?page_id=1833","title":{"rendered":"Personalizar Cookies"},"content":{"rendered":"\n<div>\n      <div id=\"custom-cookies-eu-label\">\n          El sitio Web https:\/\/www.napartina.es utiliza cookies propias  para su correcto funcionamiento. Al hacer clic en el bot\u00f3n Aceptar, acepta el uso de estas tecnolog\u00edas y el procesamiento de sus datos para estos prop\u00f3sitos.          \n\n      <\/div>\n\n      <div id=\"custom-cookies-eu-buttons\" class=\"cookies-eu-buttons\">\n        <button id=\"custom-cookies-eu-reject\" class=\"cookies-eu-reject\">Rechazar<\/button>\n        <button id=\"custom-cookies-eu-accept\" class=\"cookies-eu-accept\">ACEPTAR TODAS LAS COOKIES<\/button><\/div>\n      <\/div>\n\n<br\/>\n<p>\n\tPuedes cambiar tus preferencias de cookies en cualquier momento si vuelves a la p\u00e1gina de Personalizar cookies, a la que puedes acceder a trav\u00e9s del Aviso de cookies. Para obtener m\u00e1s informaci\u00f3n sobre las cookies y c\u00f3mo las usamos, consulta la p\u00e1gina de <a href=\"https:\/\/web.napartina.es\/?page_id=1832\">Pol\u00edtica de Cookies<\/a>.\n<\/p>\n\n<h3>Cookies t\u00e9cnicas<\/h3>\n<p>\n\tSon aquellas que permiten a los usuarios registrados navegar a trav\u00e9s del sitio Web, del \u00e1rea restringida y a utilizar sus diferentes funciones, como por ejemplo, el sistema de comentarios o el buscador y no pueden ser desactivadas.\n<\/p>\n\n\n<div class=\"custom-cookies-option\">\n  <h3>Cookies sociales<\/h3>\n  <span>\n    <input type=\"radio\" name=\"cookies-social-option\" value=\"true\" class=\"custom-cookies-radio\" data-consent=\"SCLS\" id=\"custom-cookies-accept-social\" \n    >\n    <label for=\"custom-cookies-accept-social\">Activar<\/label>\n    &nbsp;&nbsp;\n    <input type=\"radio\" name=\"cookies-social-option\" value=\"false\" class=\"custom-cookies-radio\" data-consent=\"SCLS\" id=\"custom-cookies-reject-social\" \n    checked>\n    <label for=\"custom-cookies-reject-social\">Desactivar<\/label>\n<\/span>\n<\/div>\n\n<p>\n  Son establecidas por las plataformas de redes sociales para permitir a los usuarios compartir contenido con sus amigos y redes.  \n<\/p>\n\n","protected":false},"excerpt":{"rendered":"<p>El sitio Web https:\/\/www.napartina.es utiliza cookies propias para su correcto funcionamiento. Al hacer clic en el bot\u00f3n Aceptar, acepta el uso de estas tecnolog\u00edas y el procesamiento de sus datos para estos prop\u00f3sitos. Rechazar ACEPTAR TODAS LAS COOKIES Puedes cambiar tus preferencias de cookies en cualquier momento si vuelves a la p\u00e1gina de Personalizar cookies,&#8230;<\/p>\n","protected":false},"author":1,"featured_media":0,"parent":0,"menu_order":0,"comment_status":"closed","ping_status":"closed","template":"","meta":{"_kadence_starter_templates_imported_post":false,"_kad_post_transparent":"","_kad_post_title":"","_kad_post_layout":"","_kad_post_sidebar_id":"","_kad_post_content_style":"","_kad_post_vertical_padding":"","_kad_post_feature":"","_kad_post_feature_position":"","_kad_post_header":false,"_kad_post_footer":false,"footnotes":""},"class_list":["post-1833","page","type-page","status-publish","hentry"],"aioseo_notices":[],"_links":{"self":[{"href":"https:\/\/web.napartina.es\/index.php?rest_route=\/wp\/v2\/pages\/1833","targetHints":{"allow":["GET"]}}],"collection":[{"href":"https:\/\/web.napartina.es\/index.php?rest_route=\/wp\/v2\/pages"}],"about":[{"href":"https:\/\/web.napartina.es\/index.php?rest_route=\/wp\/v2\/types\/page"}],"author":[{"embeddable":true,"href":"https:\/\/web.napartina.es\/index.php?rest_route=\/wp\/v2\/users\/1"}],"replies":[{"embeddable":true,"href":"https:\/\/web.napartina.es\/index.php?rest_route=%2Fwp%2Fv2%2Fcomments&post=1833"}],"version-history":[{"count":0,"href":"https:\/\/web.napartina.es\/index.php?rest_route=\/wp\/v2\/pages\/1833\/revisions"}],"wp:attachment":[{"href":"https:\/\/web.napartina.es\/index.php?rest_route=%2Fwp%2Fv2%2Fmedia&parent=1833"}],"curies":[{"name":"wp","href":"https:\/\/api.w.org\/{rel}","templated":true}]}}